{"id":8,"date":"2015-10-11T08:34:08","date_gmt":"2015-10-11T06:34:08","guid":{"rendered":"http:\/\/demo.designers-inn.de\/love\/?page_id=8"},"modified":"2015-10-11T13:48:01","modified_gmt":"2015-10-11T11:48:01","slug":"optionen","status":"publish","type":"page","link":"https:\/\/demo.designers-inn.de\/love\/optionen\/","title":{"rendered":"Optionen"},"content":{"rendered":"<p>[et_pb_section admin_label=&#8220;Sektion&#8220; fullwidth=&#8220;off&#8220; specialty=&#8220;off&#8220;][et_pb_row admin_label=&#8220;Zeile&#8220;][et_pb_column type=&#8220;4_4&#8243;][et_pb_text admin_label=&#8220;Text&#8220; background_layout=&#8220;light&#8220; text_orientation=&#8220;center&#8220; text_text_color=&#8220;#dd3333&#8243; use_border_color=&#8220;off&#8220; border_color=&#8220;#ffffff&#8220; border_style=&#8220;solid&#8220;]<\/p>\n<h2><span style=\"color: #ff0000;\"><strong>Mehr Option. F\u00fcr das Finden.<\/strong><\/span><\/h2>\n<h2><span style=\"color: #ff0000;\">Lerne deine Partner besser kennen.<\/span><\/h2>\n<p>[\/et_pb_text][\/et_pb_column][\/et_pb_row][et_pb_row admin_label=&#8220;Zeile&#8220;][et_pb_column type=&#8220;1_4&#8243;][et_pb_blurb admin_label=&#8220;Informationstext&#8220; title=&#8220;Auswahl&#8220; url_new_window=&#8220;off&#8220; use_icon=&#8220;on&#8220; font_icon=&#8220;%%52%%&#8220; icon_color=&#8220;#dd3333&#8243; use_circle=&#8220;off&#8220; circle_color=&#8220;#dd3333&#8243; use_circle_border=&#8220;off&#8220; circle_border_color=&#8220;#dd3333&#8243; icon_placement=&#8220;top&#8220; animation=&#8220;off&#8220; background_layout=&#8220;light&#8220; text_orientation=&#8220;center&#8220; use_icon_font_size=&#8220;on&#8220; icon_font_size=&#8220;30&#8243; use_border_color=&#8220;off&#8220; border_color=&#8220;#ffffff&#8220; border_style=&#8220;solid&#8220;]<\/p>\n<p><span class=\"frb_features_content\">Lorem ipsum dolor sit amet consectetur.<\/span><\/p>\n<p>[\/et_pb_blurb][\/et_pb_column][et_pb_column type=&#8220;1_4&#8243;][et_pb_blurb admin_label=&#8220;Informationstext&#8220; title=&#8220;Profil&#8220; url_new_window=&#8220;off&#8220; use_icon=&#8220;on&#8220; font_icon=&#8220;%%99%%&#8220; icon_color=&#8220;#dd3333&#8243; use_circle=&#8220;off&#8220; circle_color=&#8220;#dd3333&#8243; use_circle_border=&#8220;off&#8220; circle_border_color=&#8220;#dd3333&#8243; icon_placement=&#8220;top&#8220; animation=&#8220;off&#8220; background_layout=&#8220;light&#8220; text_orientation=&#8220;center&#8220; use_icon_font_size=&#8220;on&#8220; icon_font_size=&#8220;30&#8243; use_border_color=&#8220;off&#8220; border_color=&#8220;#ffffff&#8220; border_style=&#8220;solid&#8220;]<\/p>\n<p><span class=\"frb_features_content\">Lorem ipsum dolor sit amet consectetur.<\/span><\/p>\n<p>[\/et_pb_blurb][\/et_pb_column][et_pb_column type=&#8220;1_4&#8243;][et_pb_blurb admin_label=&#8220;Informationstext&#8220; title=&#8220;Sicher&#8220; url_new_window=&#8220;off&#8220; use_icon=&#8220;on&#8220; font_icon=&#8220;%%93%%&#8220; icon_color=&#8220;#dd3333&#8243; use_circle=&#8220;off&#8220; circle_color=&#8220;#dd3333&#8243; use_circle_border=&#8220;off&#8220; circle_border_color=&#8220;#dd3333&#8243; icon_placement=&#8220;top&#8220; animation=&#8220;off&#8220; background_layout=&#8220;light&#8220; text_orientation=&#8220;center&#8220; use_icon_font_size=&#8220;on&#8220; icon_font_size=&#8220;30&#8243; use_border_color=&#8220;off&#8220; border_color=&#8220;#ffffff&#8220; border_style=&#8220;solid&#8220;]<\/p>\n<p><span class=\"frb_features_content\">Lorem ipsum dolor sit amet consectetur.<\/span><\/p>\n<p>[\/et_pb_blurb][\/et_pb_column][et_pb_column type=&#8220;1_4&#8243;][et_pb_blurb admin_label=&#8220;Informationstext&#8220; title=&#8220;Hilfe&#8220; url_new_window=&#8220;off&#8220; use_icon=&#8220;on&#8220; font_icon=&#8220;%%133%%&#8220; icon_color=&#8220;#dd3333&#8243; use_circle=&#8220;off&#8220; circle_color=&#8220;#dd3333&#8243; use_circle_border=&#8220;off&#8220; circle_border_color=&#8220;#dd3333&#8243; icon_placement=&#8220;top&#8220; animation=&#8220;off&#8220; background_layout=&#8220;light&#8220; text_orientation=&#8220;center&#8220; use_icon_font_size=&#8220;on&#8220; icon_font_size=&#8220;30&#8243; use_border_color=&#8220;off&#8220; border_color=&#8220;#ffffff&#8220; border_style=&#8220;solid&#8220;]<\/p>\n<p><span class=\"frb_features_content\">Lorem ipsum dolor sit amet consectetur.<\/span><\/p>\n<p>[\/et_pb_blurb][\/et_pb_column][\/et_pb_row][et_pb_row admin_label=&#8220;Zeile&#8220;][et_pb_column type=&#8220;1_4&#8243;][et_pb_blurb admin_label=&#8220;Informationstext&#8220; title=&#8220;Single Alarm&#8220; url_new_window=&#8220;off&#8220; use_icon=&#8220;on&#8220; font_icon=&#8220;%%162%%&#8220; icon_color=&#8220;#dd3333&#8243; use_circle=&#8220;off&#8220; circle_color=&#8220;#dd3333&#8243; use_circle_border=&#8220;off&#8220; circle_border_color=&#8220;#dd3333&#8243; icon_placement=&#8220;top&#8220; animation=&#8220;off&#8220; background_layout=&#8220;light&#8220; text_orientation=&#8220;center&#8220; use_icon_font_size=&#8220;on&#8220; icon_font_size=&#8220;30&#8243; use_border_color=&#8220;off&#8220; border_color=&#8220;#ffffff&#8220; border_style=&#8220;solid&#8220;]<\/p>\n<p><span class=\"frb_features_content\">Lorem ipsum dolor sit amet consectetur.<\/span><\/p>\n<p>[\/et_pb_blurb][\/et_pb_column][et_pb_column type=&#8220;1_4&#8243;][et_pb_blurb admin_label=&#8220;Informationstext&#8220; title=&#8220;Foto-Chat&#8220; url_new_window=&#8220;off&#8220; use_icon=&#8220;on&#8220; font_icon=&#8220;%%108%%&#8220; icon_color=&#8220;#dd3333&#8243; use_circle=&#8220;off&#8220; circle_color=&#8220;#dd3333&#8243; use_circle_border=&#8220;off&#8220; circle_border_color=&#8220;#dd3333&#8243; icon_placement=&#8220;top&#8220; animation=&#8220;off&#8220; background_layout=&#8220;light&#8220; text_orientation=&#8220;center&#8220; use_icon_font_size=&#8220;on&#8220; icon_font_size=&#8220;30&#8243; use_border_color=&#8220;off&#8220; border_color=&#8220;#ffffff&#8220; border_style=&#8220;solid&#8220;]<\/p>\n<p><span class=\"frb_features_content\">Lorem ipsum dolor sit amet consectetur.<\/span><\/p>\n<p>[\/et_pb_blurb][\/et_pb_column][et_pb_column type=&#8220;1_4&#8243;][et_pb_blurb admin_label=&#8220;Informationstext&#8220; title=&#8220;Videobotschaft&#8220; url_new_window=&#8220;off&#8220; use_icon=&#8220;on&#8220; font_icon=&#8220;%%129%%&#8220; icon_color=&#8220;#dd3333&#8243; use_circle=&#8220;off&#8220; circle_color=&#8220;#dd3333&#8243; use_circle_border=&#8220;off&#8220; circle_border_color=&#8220;#dd3333&#8243; icon_placement=&#8220;top&#8220; animation=&#8220;off&#8220; background_layout=&#8220;light&#8220; text_orientation=&#8220;center&#8220; use_icon_font_size=&#8220;on&#8220; icon_font_size=&#8220;30&#8243; use_border_color=&#8220;off&#8220; border_color=&#8220;#ffffff&#8220; border_style=&#8220;solid&#8220;]<\/p>\n<p><span class=\"frb_features_content\">Lorem ipsum dolor sit amet consectetur.<\/span><\/p>\n<p>[\/et_pb_blurb][\/et_pb_column][et_pb_column type=&#8220;1_4&#8243;][et_pb_blurb admin_label=&#8220;Informationstext&#8220; title=&#8220;Privatbrief&#8220; url_new_window=&#8220;off&#8220; use_icon=&#8220;on&#8220; font_icon=&#8220;%%75%%&#8220; icon_color=&#8220;#dd3333&#8243; use_circle=&#8220;off&#8220; circle_color=&#8220;#dd3333&#8243; use_circle_border=&#8220;off&#8220; circle_border_color=&#8220;#dd3333&#8243; icon_placement=&#8220;top&#8220; animation=&#8220;off&#8220; background_layout=&#8220;light&#8220; text_orientation=&#8220;center&#8220; use_icon_font_size=&#8220;on&#8220; icon_font_size=&#8220;30&#8243; use_border_color=&#8220;off&#8220; border_color=&#8220;#ffffff&#8220; border_style=&#8220;solid&#8220;]<\/p>\n<p><span class=\"frb_features_content\">Lorem ipsum dolor sit amet consectetur.<\/span><\/p>\n<p>[\/et_pb_blurb][\/et_pb_column][\/et_pb_row][\/et_pb_section][et_pb_section admin_label=&#8220;Sektion&#8220; fullwidth=&#8220;off&#8220; specialty=&#8220;off&#8220; transparent_background=&#8220;off&#8220; background_color=&#8220;#dd3333&#8243; allow_player_pause=&#8220;off&#8220; inner_shadow=&#8220;off&#8220; parallax=&#8220;off&#8220; parallax_method=&#8220;off&#8220; padding_mobile=&#8220;off&#8220; make_fullwidth=&#8220;off&#8220; use_custom_width=&#8220;off&#8220; width_unit=&#8220;on&#8220; make_equal=&#8220;off&#8220; use_custom_gutter=&#8220;off&#8220;][et_pb_row admin_label=&#8220;Zeile&#8220;][et_pb_column type=&#8220;4_4&#8243;][et_pb_slider admin_label=&#8220;Slider&#8220; show_arrows=&#8220;on&#8220; show_pagination=&#8220;on&#8220; auto=&#8220;on&#8220; auto_ignore_hover=&#8220;off&#8220; parallax=&#8220;off&#8220; parallax_method=&#8220;off&#8220; remove_inner_shadow=&#8220;on&#8220; background_position=&#8220;default&#8220; background_size=&#8220;default&#8220; hide_content_on_mobile=&#8220;off&#8220; hide_cta_on_mobile=&#8220;off&#8220; show_image_video_mobile=&#8220;off&#8220; header_font=&#8220;Open Sans||||&#8220; header_font_size=&#8220;30&#8243; header_line_height=&#8220;1.5em&#8220; custom_button=&#8220;off&#8220; button_letter_spacing=&#8220;0&#8243; button_use_icon=&#8220;default&#8220; button_icon_placement=&#8220;right&#8220; button_on_hover=&#8220;on&#8220; button_letter_spacing_hover=&#8220;0&#8243;] [et_pb_slide heading=&#8220;Warum DI Love dein Partner ist. &#8220; background_position=&#8220;default&#8220; background_size=&#8220;default&#8220; background_color=&#8220;#dd3333&#8243; alignment=&#8220;center&#8220; background_layout=&#8220;dark&#8220; allow_player_pause=&#8220;off&#8220; header_font_select=&#8220;default&#8220; body_font_select=&#8220;default&#8220; custom_button=&#8220;off&#8220; button_font_select=&#8220;default&#8220; button_use_icon=&#8220;default&#8220; button_icon_placement=&#8220;right&#8220; button_on_hover=&#8220;on&#8220;]<\/p>\n<p>Damit Ihr indess erkennt, woher dieser ganze Irrthum gekommen ist, und weshalb man die Lust anklagt und den Schmerz lobet, so will ich Euch Alles er\u00f6ffnen und auseinander setzen, was jener Begr\u00fcnder der Wahrheit und gleichsam Baumeister des gl\u00fccklichen Lebens selbst dar\u00fcber gesagt hat.<\/p>\n<p>[\/et_pb_slide][et_pb_slide heading=&#8220;Wenn es Liebe ist.&#8220; background_position=&#8220;default&#8220; background_size=&#8220;default&#8220; background_color=&#8220;#dd3333&#8243; alignment=&#8220;center&#8220; background_layout=&#8220;dark&#8220; allow_player_pause=&#8220;off&#8220; header_font_select=&#8220;default&#8220; body_font_select=&#8220;default&#8220; custom_button=&#8220;off&#8220; button_font_select=&#8220;default&#8220; button_use_icon=&#8220;default&#8220; button_icon_placement=&#8220;right&#8220; button_on_hover=&#8220;on&#8220;]<\/p>\n<p>Niemand, sagt er, verschm\u00e4he, oder hasse, oder fliehe die Lust als solche, sondern weil grosse Schmerzen ihr folgen, wenn man nicht mit Vernunft ihr nachzugehen verstehe. Ebenso werde der Schmerz als solcher von Niemand geliebt, gesucht und verlangt, sondern weil mitunter solche Zeiten eintreten, dass man mittelst Arbeiten und Schmerzen eine grosse Lust sich zu verschaften suchen m\u00fcsse.<\/p>\n<p>[\/et_pb_slide][et_pb_slide heading=&#8220;Liebst du schon?&#8220; background_position=&#8220;default&#8220; background_size=&#8220;default&#8220; background_color=&#8220;#dd3333&#8243; alignment=&#8220;center&#8220; background_layout=&#8220;dark&#8220; allow_player_pause=&#8220;off&#8220; header_font_select=&#8220;default&#8220; body_font_select=&#8220;default&#8220; custom_button=&#8220;off&#8220; button_font_select=&#8220;default&#8220; button_use_icon=&#8220;default&#8220; button_icon_placement=&#8220;right&#8220; button_on_hover=&#8220;on&#8220;]<\/p>\n<p>Um hier gleich bei dem Einfachsten stehen zu bleiben, so w\u00fcrde Niemand von uns anstrengende k\u00f6rperliche Uebungen vornehmen, wenn er nicht einen Vortheil davon erwartete. Wer d\u00fcrfte aber wohl Den tadeln, der nach einer Lust verlangt, welcher keine Unannehmlichkeit folgt, oder der einem Schmerze ausweicht, aus dem keine Lust hervorgeht?<\/p>\n<p>[\/et_pb_slide] [\/et_pb_slider][\/et_pb_column][\/et_pb_row][\/et_pb_section]<\/p>\n","protected":false},"excerpt":{"rendered":"<p>Mehr Option. F\u00fcr das Finden. Lerne deine Partner besser kennen. Lorem ipsum dolor sit amet consectetur. Lorem ipsum dolor sit amet consectetur. Lorem ipsum dolor sit amet consectetur. Lorem ipsum dolor sit amet consectetur. Lorem ipsum dolor sit amet consectetur. Lorem ipsum dolor sit amet consectetur. Lorem ipsum dolor sit amet consectetur. Lorem ipsum dolor [&hellip;]<\/p>\n","protected":false},"author":1,"featured_media":0,"parent":0,"menu_order":0,"comment_status":"open","ping_status":"open","template":"","meta":{"_et_pb_use_builder":"on","_et_pb_old_content":"","_et_gb_content_width":"","footnotes":""},"class_list":["post-8","page","type-page","status-publish","hentry"],"_links":{"self":[{"href":"https:\/\/demo.designers-inn.de\/love\/wp-json\/wp\/v2\/pages\/8","targetHints":{"allow":["GET"]}}],"collection":[{"href":"https:\/\/demo.designers-inn.de\/love\/wp-json\/wp\/v2\/pages"}],"about":[{"href":"https:\/\/demo.designers-inn.de\/love\/wp-json\/wp\/v2\/types\/page"}],"author":[{"embeddable":true,"href":"https:\/\/demo.designers-inn.de\/love\/wp-json\/wp\/v2\/users\/1"}],"replies":[{"embeddable":true,"href":"https:\/\/demo.designers-inn.de\/love\/wp-json\/wp\/v2\/comments?post=8"}],"version-history":[{"count":3,"href":"https:\/\/demo.designers-inn.de\/love\/wp-json\/wp\/v2\/pages\/8\/revisions"}],"predecessor-version":[{"id":70,"href":"https:\/\/demo.designers-inn.de\/love\/wp-json\/wp\/v2\/pages\/8\/revisions\/70"}],"wp:attachment":[{"href":"https:\/\/demo.designers-inn.de\/love\/wp-json\/wp\/v2\/media?parent=8"}],"curies":[{"name":"wp","href":"https:\/\/api.w.org\/{rel}","templated":true}]}}