{"id":4,"date":"2015-10-11T08:33:30","date_gmt":"2015-10-11T06:33:30","guid":{"rendered":"http:\/\/demo.designers-inn.de\/love\/?page_id=4"},"modified":"2015-10-11T13:49:24","modified_gmt":"2015-10-11T11:49:24","slug":"start","status":"publish","type":"page","link":"https:\/\/demo.designers-inn.de\/love\/","title":{"rendered":"Start"},"content":{"rendered":"<p>[et_pb_section admin_label=&#8220;section&#8220; transparent_background=&#8220;off&#8220; background_color=&#8220;#dd3333&#8243; allow_player_pause=&#8220;off&#8220; inner_shadow=&#8220;off&#8220; parallax=&#8220;on&#8220; parallax_method=&#8220;on&#8220; padding_mobile=&#8220;off&#8220; make_fullwidth=&#8220;on&#8220; use_custom_width=&#8220;off&#8220; width_unit=&#8220;on&#8220; make_equal=&#8220;off&#8220; use_custom_gutter=&#8220;off&#8220; custom_padding=&#8220;150px|150px&#8220;][et_pb_row admin_label=&#8220;row&#8220;][et_pb_column type=&#8220;1_3&#8243;][\/et_pb_column][et_pb_column type=&#8220;1_3&#8243;][et_pb_blurb admin_label=&#8220;Informationstext&#8220; url_new_window=&#8220;off&#8220; use_icon=&#8220;on&#8220; font_icon=&#8220;%%141%%&#8220; icon_color=&#8220;#ffffff&#8220; use_circle=&#8220;off&#8220; circle_color=&#8220;#dd3333&#8243; use_circle_border=&#8220;off&#8220; circle_border_color=&#8220;#dd3333&#8243; icon_placement=&#8220;top&#8220; animation=&#8220;off&#8220; background_layout=&#8220;light&#8220; text_orientation=&#8220;left&#8220; use_icon_font_size=&#8220;off&#8220; use_border_color=&#8220;off&#8220; border_color=&#8220;#ffffff&#8220; border_style=&#8220;solid&#8220;] [\/et_pb_blurb][\/et_pb_column][et_pb_column type=&#8220;1_3&#8243;][\/et_pb_column][\/et_pb_row][\/et_pb_section][et_pb_section admin_label=&#8220;section&#8220; transparent_background=&#8220;off&#8220; background_color=&#8220;#c42d2d&#8220; allow_player_pause=&#8220;off&#8220; inner_shadow=&#8220;off&#8220; parallax=&#8220;off&#8220; parallax_method=&#8220;off&#8220; padding_mobile=&#8220;off&#8220; make_fullwidth=&#8220;off&#8220; use_custom_width=&#8220;off&#8220; width_unit=&#8220;on&#8220; make_equal=&#8220;off&#8220; use_custom_gutter=&#8220;off&#8220;][et_pb_row admin_label=&#8220;Zeile&#8220;][et_pb_column type=&#8220;4_4&#8243;][et_pb_text admin_label=&#8220;Text&#8220; background_layout=&#8220;dark&#8220; text_orientation=&#8220;center&#8220; use_border_color=&#8220;off&#8220; border_color=&#8220;#ffffff&#8220; border_style=&#8220;solid&#8220;]<\/p>\n<h2><strong>Finde deinen Traumpartner.<\/strong><\/h2>\n<h2>Suche nach Singles in deiner N\u00e4he.<\/h2>\n<p>[\/et_pb_text][\/et_pb_column][\/et_pb_row][et_pb_row admin_label=&#8220;row&#8220;][et_pb_column type=&#8220;1_4&#8243;][et_pb_cta admin_label=&#8220;Handlungsaufruf&#8220; title=&#8220;Mann sucht Frau&#8220; button_url=&#8220;#&#8220; url_new_window=&#8220;off&#8220; button_text=&#8220;Suchen&#8220; use_background_color=&#8220;on&#8220; background_color=&#8220;#dd3333&#8243; background_layout=&#8220;dark&#8220; text_orientation=&#8220;center&#8220; header_font_size=&#8220;16&#8243; header_line_height=&#8220;2em&#8220; use_border_color=&#8220;off&#8220; border_color=&#8220;#ffffff&#8220; border_style=&#8220;solid&#8220; custom_button=&#8220;on&#8220; button_letter_spacing=&#8220;0&#8243; button_use_icon=&#8220;default&#8220; button_icon_placement=&#8220;right&#8220; button_on_hover=&#8220;on&#8220; button_letter_spacing_hover=&#8220;0&#8243; button_border_width=&#8220;1&#8243;]<\/p>\n<p><img loading=\"lazy\" decoding=\"async\" src=\"\/wp-content\/themes\/di-love\/images\/man.png\" alt=\"man\" width=\"26\" height=\"60\" \/><\/p>\n<p>[\/et_pb_cta][\/et_pb_column][et_pb_column type=&#8220;1_4&#8243;][et_pb_cta admin_label=&#8220;Handlungsaufruf&#8220; title=&#8220;Frau sucht Mann&#8220; button_url=&#8220;#&#8220; url_new_window=&#8220;off&#8220; button_text=&#8220;Suchen&#8220; use_background_color=&#8220;on&#8220; background_color=&#8220;#dd3333&#8243; background_layout=&#8220;dark&#8220; text_orientation=&#8220;center&#8220; header_font_size=&#8220;16&#8243; header_line_height=&#8220;2em&#8220; use_border_color=&#8220;off&#8220; border_color=&#8220;#ffffff&#8220; border_style=&#8220;solid&#8220; custom_button=&#8220;on&#8220; button_letter_spacing=&#8220;0&#8243; button_use_icon=&#8220;default&#8220; button_icon_placement=&#8220;right&#8220; button_on_hover=&#8220;on&#8220; button_letter_spacing_hover=&#8220;0&#8243; button_border_width=&#8220;1&#8243;]<\/p>\n<p><img loading=\"lazy\" decoding=\"async\" src=\"\/wp-content\/themes\/di-love\/images\/woman.png\" alt=\"man\" width=\"60\" height=\"60\" \/><\/p>\n<p>[\/et_pb_cta][\/et_pb_column][et_pb_column type=&#8220;1_4&#8243;][et_pb_cta admin_label=&#8220;Handlungsaufruf&#8220; title=&#8220;Mann sucht Mann&#8220; button_url=&#8220;#&#8220; url_new_window=&#8220;off&#8220; button_text=&#8220;Suchen&#8220; use_background_color=&#8220;on&#8220; background_color=&#8220;#dd3333&#8243; background_layout=&#8220;dark&#8220; text_orientation=&#8220;center&#8220; header_font_size=&#8220;16&#8243; header_line_height=&#8220;2em&#8220; use_border_color=&#8220;off&#8220; border_color=&#8220;#ffffff&#8220; border_style=&#8220;solid&#8220; custom_button=&#8220;on&#8220; button_letter_spacing=&#8220;0&#8243; button_use_icon=&#8220;default&#8220; button_icon_placement=&#8220;right&#8220; button_on_hover=&#8220;on&#8220; button_letter_spacing_hover=&#8220;0&#8243; button_border_width=&#8220;1&#8243;]<\/p>\n<p><img loading=\"lazy\" decoding=\"async\" src=\"\/wp-content\/themes\/di-love\/images\/man.png\" alt=\"\" width=\"26\" height=\"60\" \/><img loading=\"lazy\" decoding=\"async\" src=\"\/wp-content\/themes\/di-love\/images\/man.png\" alt=\"\" width=\"26\" height=\"60\" \/><\/p>\n<p>[\/et_pb_cta][\/et_pb_column][et_pb_column type=&#8220;1_4&#8243;][et_pb_cta admin_label=&#8220;Handlungsaufruf&#8220; title=&#8220;Frau sucht Frau&#8220; button_url=&#8220;#&#8220; url_new_window=&#8220;off&#8220; button_text=&#8220;Suchen&#8220; use_background_color=&#8220;on&#8220; background_color=&#8220;#dd3333&#8243; background_layout=&#8220;dark&#8220; text_orientation=&#8220;center&#8220; header_font_size=&#8220;16&#8243; header_line_height=&#8220;2em&#8220; use_border_color=&#8220;off&#8220; border_color=&#8220;#ffffff&#8220; border_style=&#8220;solid&#8220; custom_button=&#8220;on&#8220; button_letter_spacing=&#8220;0&#8243; button_use_icon=&#8220;default&#8220; button_icon_placement=&#8220;right&#8220; button_on_hover=&#8220;on&#8220; button_letter_spacing_hover=&#8220;0&#8243; button_border_width=&#8220;1&#8243;]<\/p>\n<p><img loading=\"lazy\" decoding=\"async\" src=\"\/wp-content\/themes\/di-love\/images\/woman.png\" alt=\"\" width=\"60\" height=\"60\" \/><img loading=\"lazy\" decoding=\"async\" src=\"\/wp-content\/themes\/di-love\/images\/woman.png\" alt=\"\" width=\"60\" height=\"60\" \/><\/p>\n<p>[\/et_pb_cta][\/et_pb_column][\/et_pb_row][\/et_pb_section][et_pb_section admin_label=&#8220;Sektion&#8220; fullwidth=&#8220;off&#8220; specialty=&#8220;off&#8220;][et_pb_row admin_label=&#8220;Zeile&#8220;][et_pb_column type=&#8220;4_4&#8243;][et_pb_text admin_label=&#8220;Text&#8220; background_layout=&#8220;light&#8220; text_orientation=&#8220;center&#8220; text_text_color=&#8220;#dd3333&#8243; use_border_color=&#8220;off&#8220; border_color=&#8220;#ffffff&#8220; border_style=&#8220;solid&#8220;]<\/p>\n<h2><span style=\"color: #ff0000;\"><strong>Traumpartner.<\/strong><\/span><\/h2>\n<h2><span style=\"color: #ff0000;\">Singles in deiner N\u00e4he.<\/span><\/h2>\n<p>[\/et_pb_text][\/et_pb_column][\/et_pb_row][et_pb_row admin_label=&#8220;Zeile&#8220;][et_pb_column type=&#8220;1_4&#8243;][et_pb_image admin_label=&#8220;Bild&#8220; src=&#8220;\/wp-content\/themes\/di-love\/images\/image2_6.png&#8220; show_in_lightbox=&#8220;off&#8220; url_new_window=&#8220;off&#8220; animation=&#8220;left&#8220; sticky=&#8220;off&#8220; align=&#8220;left&#8220; force_fullwidth=&#8220;off&#8220; always_center_on_mobile=&#8220;on&#8220; use_border_color=&#8220;off&#8220; border_color=&#8220;#ffffff&#8220; border_style=&#8220;solid&#8220;] [\/et_pb_image][\/et_pb_column][et_pb_column type=&#8220;1_4&#8243;][et_pb_image admin_label=&#8220;Bild&#8220; src=&#8220;\/wp-content\/themes\/di-love\/images\/image3_7.png&#8220; show_in_lightbox=&#8220;off&#8220; url_new_window=&#8220;off&#8220; animation=&#8220;left&#8220; sticky=&#8220;off&#8220; align=&#8220;left&#8220; force_fullwidth=&#8220;off&#8220; always_center_on_mobile=&#8220;on&#8220; use_border_color=&#8220;off&#8220; border_color=&#8220;#ffffff&#8220; border_style=&#8220;solid&#8220;] [\/et_pb_image][\/et_pb_column][et_pb_column type=&#8220;1_4&#8243;][et_pb_image admin_label=&#8220;Bild&#8220; src=&#8220;\/wp-content\/themes\/di-love\/images\/image4_7.png&#8220; show_in_lightbox=&#8220;off&#8220; url_new_window=&#8220;off&#8220; animation=&#8220;left&#8220; sticky=&#8220;off&#8220; align=&#8220;left&#8220; force_fullwidth=&#8220;off&#8220; always_center_on_mobile=&#8220;on&#8220; use_border_color=&#8220;off&#8220; border_color=&#8220;#ffffff&#8220; border_style=&#8220;solid&#8220;] [\/et_pb_image][\/et_pb_column][et_pb_column type=&#8220;1_4&#8243;][et_pb_image admin_label=&#8220;Bild&#8220; src=&#8220;\/wp-content\/themes\/di-love\/images\/image5_6.png&#8220; show_in_lightbox=&#8220;off&#8220; url_new_window=&#8220;off&#8220; animation=&#8220;left&#8220; sticky=&#8220;off&#8220; align=&#8220;left&#8220; force_fullwidth=&#8220;off&#8220; always_center_on_mobile=&#8220;on&#8220; use_border_color=&#8220;off&#8220; border_color=&#8220;#ffffff&#8220; border_style=&#8220;solid&#8220;] [\/et_pb_image][\/et_pb_column][\/et_pb_row][et_pb_row admin_label=&#8220;Zeile&#8220;][et_pb_column type=&#8220;1_4&#8243;][et_pb_image admin_label=&#8220;Bild&#8220; src=&#8220;\/wp-content\/themes\/di-love\/images\/image4_7.png&#8220; show_in_lightbox=&#8220;off&#8220; url_new_window=&#8220;off&#8220; animation=&#8220;left&#8220; sticky=&#8220;off&#8220; align=&#8220;left&#8220; force_fullwidth=&#8220;off&#8220; always_center_on_mobile=&#8220;on&#8220; use_border_color=&#8220;off&#8220; border_color=&#8220;#ffffff&#8220; border_style=&#8220;solid&#8220;] [\/et_pb_image][\/et_pb_column][et_pb_column type=&#8220;1_4&#8243;][et_pb_image admin_label=&#8220;Bild&#8220; src=&#8220;\/wp-content\/themes\/di-love\/images\/image2_6.png&#8220; show_in_lightbox=&#8220;off&#8220; url_new_window=&#8220;off&#8220; animation=&#8220;left&#8220; sticky=&#8220;off&#8220; align=&#8220;left&#8220; force_fullwidth=&#8220;off&#8220; always_center_on_mobile=&#8220;on&#8220; use_border_color=&#8220;off&#8220; border_color=&#8220;#ffffff&#8220; border_style=&#8220;solid&#8220;] [\/et_pb_image][\/et_pb_column][et_pb_column type=&#8220;1_4&#8243;][et_pb_image admin_label=&#8220;Bild&#8220; src=&#8220;\/wp-content\/themes\/di-love\/images\/image5_6.png&#8220; show_in_lightbox=&#8220;off&#8220; url_new_window=&#8220;off&#8220; animation=&#8220;left&#8220; sticky=&#8220;off&#8220; align=&#8220;left&#8220; force_fullwidth=&#8220;off&#8220; always_center_on_mobile=&#8220;on&#8220; use_border_color=&#8220;off&#8220; border_color=&#8220;#ffffff&#8220; border_style=&#8220;solid&#8220;] [\/et_pb_image][\/et_pb_column][et_pb_column type=&#8220;1_4&#8243;][et_pb_image admin_label=&#8220;Bild&#8220; src=&#8220;\/wp-content\/themes\/di-love\/images\/image3_7.png&#8220; show_in_lightbox=&#8220;off&#8220; url_new_window=&#8220;off&#8220; animation=&#8220;left&#8220; sticky=&#8220;off&#8220; align=&#8220;left&#8220; force_fullwidth=&#8220;off&#8220; always_center_on_mobile=&#8220;on&#8220; use_border_color=&#8220;off&#8220; border_color=&#8220;#ffffff&#8220; border_style=&#8220;solid&#8220;] [\/et_pb_image][\/et_pb_column][\/et_pb_row][\/et_pb_section][et_pb_section admin_label=&#8220;Sektion&#8220; fullwidth=&#8220;off&#8220; specialty=&#8220;off&#8220; transparent_background=&#8220;off&#8220; background_color=&#8220;#dd3333&#8243; allow_player_pause=&#8220;off&#8220; inner_shadow=&#8220;off&#8220; parallax=&#8220;off&#8220; parallax_method=&#8220;off&#8220; padding_mobile=&#8220;off&#8220; make_fullwidth=&#8220;off&#8220; use_custom_width=&#8220;off&#8220; width_unit=&#8220;on&#8220; make_equal=&#8220;off&#8220; use_custom_gutter=&#8220;off&#8220;][et_pb_row admin_label=&#8220;Zeile&#8220;][et_pb_column type=&#8220;4_4&#8243;][et_pb_slider admin_label=&#8220;Slider&#8220; show_arrows=&#8220;on&#8220; show_pagination=&#8220;on&#8220; auto=&#8220;on&#8220; auto_ignore_hover=&#8220;off&#8220; parallax=&#8220;off&#8220; parallax_method=&#8220;off&#8220; remove_inner_shadow=&#8220;on&#8220; background_position=&#8220;default&#8220; background_size=&#8220;default&#8220; hide_content_on_mobile=&#8220;off&#8220; hide_cta_on_mobile=&#8220;off&#8220; show_image_video_mobile=&#8220;off&#8220; header_font=&#8220;Open Sans||||&#8220; header_font_size=&#8220;30&#8243; header_line_height=&#8220;1.5em&#8220; custom_button=&#8220;off&#8220; button_letter_spacing=&#8220;0&#8243; button_use_icon=&#8220;default&#8220; button_icon_placement=&#8220;right&#8220; button_on_hover=&#8220;on&#8220; button_letter_spacing_hover=&#8220;0&#8243;] [et_pb_slide heading=&#8220;Warum DI Love dein Partner ist. &#8220; background_position=&#8220;default&#8220; background_size=&#8220;default&#8220; background_color=&#8220;#dd3333&#8243; alignment=&#8220;center&#8220; background_layout=&#8220;dark&#8220; allow_player_pause=&#8220;off&#8220; header_font_select=&#8220;default&#8220; body_font_select=&#8220;default&#8220; custom_button=&#8220;off&#8220; button_font_select=&#8220;default&#8220; button_use_icon=&#8220;default&#8220; button_icon_placement=&#8220;right&#8220; button_on_hover=&#8220;on&#8220;]<\/p>\n<p>Damit Ihr indess erkennt, woher dieser ganze Irrthum gekommen ist, und weshalb man die Lust anklagt und den Schmerz lobet, so will ich Euch Alles er\u00f6ffnen und auseinander setzen, was jener Begr\u00fcnder der Wahrheit und gleichsam Baumeister des gl\u00fccklichen Lebens selbst dar\u00fcber gesagt hat.<\/p>\n<p>[\/et_pb_slide][et_pb_slide heading=&#8220;Wenn es Liebe ist.&#8220; background_position=&#8220;default&#8220; background_size=&#8220;default&#8220; background_color=&#8220;#dd3333&#8243; alignment=&#8220;center&#8220; background_layout=&#8220;dark&#8220; allow_player_pause=&#8220;off&#8220; header_font_select=&#8220;default&#8220; body_font_select=&#8220;default&#8220; custom_button=&#8220;off&#8220; button_font_select=&#8220;default&#8220; button_use_icon=&#8220;default&#8220; button_icon_placement=&#8220;right&#8220; button_on_hover=&#8220;on&#8220;]<\/p>\n<p>Niemand, sagt er, verschm\u00e4he, oder hasse, oder fliehe die Lust als solche, sondern weil grosse Schmerzen ihr folgen, wenn man nicht mit Vernunft ihr nachzugehen verstehe. Ebenso werde der Schmerz als solcher von Niemand geliebt, gesucht und verlangt, sondern weil mitunter solche Zeiten eintreten, dass man mittelst Arbeiten und Schmerzen eine grosse Lust sich zu verschaften suchen m\u00fcsse.<\/p>\n<p>[\/et_pb_slide][et_pb_slide heading=&#8220;Liebst du schon?&#8220; background_position=&#8220;default&#8220; background_size=&#8220;default&#8220; background_color=&#8220;#dd3333&#8243; alignment=&#8220;center&#8220; background_layout=&#8220;dark&#8220; allow_player_pause=&#8220;off&#8220; header_font_select=&#8220;default&#8220; body_font_select=&#8220;default&#8220; custom_button=&#8220;off&#8220; button_font_select=&#8220;default&#8220; button_use_icon=&#8220;default&#8220; button_icon_placement=&#8220;right&#8220; button_on_hover=&#8220;on&#8220;]<\/p>\n<p>Um hier gleich bei dem Einfachsten stehen zu bleiben, so w\u00fcrde Niemand von uns anstrengende k\u00f6rperliche Uebungen vornehmen, wenn er nicht einen Vortheil davon erwartete. Wer d\u00fcrfte aber wohl Den tadeln, der nach einer Lust verlangt, welcher keine Unannehmlichkeit folgt, oder der einem Schmerze ausweicht, aus dem keine Lust hervorgeht?<\/p>\n<p>[\/et_pb_slide] [\/et_pb_slider][\/et_pb_column][\/et_pb_row][\/et_pb_section][et_pb_section admin_label=&#8220;Sektion&#8220; fullwidth=&#8220;off&#8220; specialty=&#8220;off&#8220;][et_pb_row admin_label=&#8220;Zeile&#8220;][et_pb_column type=&#8220;4_4&#8243;][et_pb_text admin_label=&#8220;Text&#8220; background_layout=&#8220;light&#8220; text_orientation=&#8220;center&#8220; text_text_color=&#8220;#dd3333&#8243; use_border_color=&#8220;off&#8220; border_color=&#8220;#ffffff&#8220; border_style=&#8220;solid&#8220;]<\/p>\n<h2><span style=\"color: #ff0000;\"><strong>Vertrauensvoll.<\/strong><\/span><\/h2>\n<h2><span style=\"color: #ff0000;\">Liebe ist eine Sache des Vertrauens.<\/span><\/h2>\n<p>[\/et_pb_text][\/et_pb_column][\/et_pb_row][et_pb_row admin_label=&#8220;Zeile&#8220;][et_pb_column type=&#8220;1_4&#8243;][et_pb_blurb admin_label=&#8220;Informationstext&#8220; title=&#8220;Auswahl&#8220; url_new_window=&#8220;off&#8220; use_icon=&#8220;on&#8220; font_icon=&#8220;%%52%%&#8220; icon_color=&#8220;#dd3333&#8243; use_circle=&#8220;off&#8220; circle_color=&#8220;#dd3333&#8243; use_circle_border=&#8220;off&#8220; circle_border_color=&#8220;#dd3333&#8243; icon_placement=&#8220;top&#8220; animation=&#8220;off&#8220; background_layout=&#8220;light&#8220; text_orientation=&#8220;center&#8220; use_icon_font_size=&#8220;on&#8220; icon_font_size=&#8220;30&#8243; use_border_color=&#8220;off&#8220; border_color=&#8220;#ffffff&#8220; border_style=&#8220;solid&#8220;]<\/p>\n<p><span class=\"frb_features_content\">Lorem ipsum dolor sit amet consectetur.<\/span><\/p>\n<p>[\/et_pb_blurb][\/et_pb_column][et_pb_column type=&#8220;1_4&#8243;][et_pb_blurb admin_label=&#8220;Informationstext&#8220; title=&#8220;Profil&#8220; url_new_window=&#8220;off&#8220; use_icon=&#8220;on&#8220; font_icon=&#8220;%%99%%&#8220; icon_color=&#8220;#dd3333&#8243; use_circle=&#8220;off&#8220; circle_color=&#8220;#dd3333&#8243; use_circle_border=&#8220;off&#8220; circle_border_color=&#8220;#dd3333&#8243; icon_placement=&#8220;top&#8220; animation=&#8220;off&#8220; background_layout=&#8220;light&#8220; text_orientation=&#8220;center&#8220; use_icon_font_size=&#8220;on&#8220; icon_font_size=&#8220;30&#8243; use_border_color=&#8220;off&#8220; border_color=&#8220;#ffffff&#8220; border_style=&#8220;solid&#8220;]<\/p>\n<p><span class=\"frb_features_content\">Lorem ipsum dolor sit amet consectetur.<\/span><\/p>\n<p>[\/et_pb_blurb][\/et_pb_column][et_pb_column type=&#8220;1_4&#8243;][et_pb_blurb admin_label=&#8220;Informationstext&#8220; title=&#8220;Sicher&#8220; url_new_window=&#8220;off&#8220; use_icon=&#8220;on&#8220; font_icon=&#8220;%%93%%&#8220; icon_color=&#8220;#dd3333&#8243; use_circle=&#8220;off&#8220; circle_color=&#8220;#dd3333&#8243; use_circle_border=&#8220;off&#8220; circle_border_color=&#8220;#dd3333&#8243; icon_placement=&#8220;top&#8220; animation=&#8220;off&#8220; background_layout=&#8220;light&#8220; text_orientation=&#8220;center&#8220; use_icon_font_size=&#8220;on&#8220; icon_font_size=&#8220;30&#8243; use_border_color=&#8220;off&#8220; border_color=&#8220;#ffffff&#8220; border_style=&#8220;solid&#8220;]<\/p>\n<p><span class=\"frb_features_content\">Lorem ipsum dolor sit amet consectetur.<\/span><\/p>\n<p>[\/et_pb_blurb][\/et_pb_column][et_pb_column type=&#8220;1_4&#8243;][et_pb_blurb admin_label=&#8220;Informationstext&#8220; title=&#8220;Hilfe&#8220; url_new_window=&#8220;off&#8220; use_icon=&#8220;on&#8220; font_icon=&#8220;%%133%%&#8220; icon_color=&#8220;#dd3333&#8243; use_circle=&#8220;off&#8220; circle_color=&#8220;#dd3333&#8243; use_circle_border=&#8220;off&#8220; circle_border_color=&#8220;#dd3333&#8243; icon_placement=&#8220;top&#8220; animation=&#8220;off&#8220; background_layout=&#8220;light&#8220; text_orientation=&#8220;center&#8220; use_icon_font_size=&#8220;on&#8220; icon_font_size=&#8220;30&#8243; use_border_color=&#8220;off&#8220; border_color=&#8220;#ffffff&#8220; border_style=&#8220;solid&#8220;]<\/p>\n<p><span class=\"frb_features_content\">Lorem ipsum dolor sit amet consectetur.<\/span><\/p>\n<p>[\/et_pb_blurb][\/et_pb_column][\/et_pb_row][\/et_pb_section][et_pb_section admin_label=&#8220;Sektion&#8220; fullwidth=&#8220;off&#8220; specialty=&#8220;off&#8220; transparent_background=&#8220;off&#8220; background_color=&#8220;#c42d2d&#8220; allow_player_pause=&#8220;off&#8220; inner_shadow=&#8220;off&#8220; parallax=&#8220;off&#8220; parallax_method=&#8220;off&#8220; padding_mobile=&#8220;off&#8220; make_fullwidth=&#8220;off&#8220; use_custom_width=&#8220;off&#8220; width_unit=&#8220;on&#8220; make_equal=&#8220;off&#8220; use_custom_gutter=&#8220;off&#8220;][et_pb_row admin_label=&#8220;Zeile&#8220;][et_pb_column type=&#8220;4_4&#8243;][et_pb_number_counter admin_label=&#8220;Z\u00e4hler&#8220; title=&#8220;Zufriedene Kunden&#8220; number=&#8220;13741&#8243; percent_sign=&#8220;off&#8220; counter_color=&#8220;#ffffff&#8220; background_layout=&#8220;dark&#8220; use_border_color=&#8220;off&#8220; border_color=&#8220;#ffffff&#8220; border_style=&#8220;solid&#8220;] [\/et_pb_number_counter][\/et_pb_column][\/et_pb_row][\/et_pb_section][et_pb_section admin_label=&#8220;Sektion&#8220; global_module=&#8220;126&#8243; fullwidth=&#8220;off&#8220; specialty=&#8220;off&#8220; transparent_background=&#8220;off&#8220; background_color=&#8220;#dd3333&#8243; allow_player_pause=&#8220;off&#8220; inner_shadow=&#8220;off&#8220; parallax=&#8220;off&#8220; parallax_method=&#8220;off&#8220; padding_mobile=&#8220;off&#8220; make_fullwidth=&#8220;off&#8220; use_custom_width=&#8220;off&#8220; width_unit=&#8220;on&#8220; make_equal=&#8220;off&#8220; use_custom_gutter=&#8220;off&#8220;][et_pb_row global_parent=&#8220;126&#8243; admin_label=&#8220;Zeile&#8220;][et_pb_column type=&#8220;4_4&#8243;][et_pb_contact_form global_parent=&#8220;126&#8243; admin_label=&#8220;Kontaktformular&#8220; captcha=&#8220;off&#8220; email=&#8220;#&#8220; form_background_color=&#8220;#c42d2d&#8220; use_border_color=&#8220;off&#8220; border_color=&#8220;#ffffff&#8220; border_style=&#8220;solid&#8220; custom_button=&#8220;on&#8220; button_text_color=&#8220;#ffffff&#8220; button_bg_color=&#8220;#c42d2d&#8220; button_letter_spacing=&#8220;0&#8243; button_use_icon=&#8220;default&#8220; button_icon_placement=&#8220;right&#8220; button_on_hover=&#8220;on&#8220; button_letter_spacing_hover=&#8220;0&#8243; title_text_color=&#8220;#ffffff&#8220; form_field_text_color=&#8220;#ffffff&#8220; button_text_size=&#8220;16&#8243; button_border_width=&#8220;1&#8243; button_border_color=&#8220;rgba(255,255,255,0.67)&#8220; button_border_radius=&#8220;2&#8243; button_border_radius_hover=&#8220;2&#8243; title_font=&#8220;Open Sans||||&#8220; form_field_font=&#8220;Open Sans||||&#8220; button_font=&#8220;Open Sans||||&#8220;] [\/et_pb_contact_form][\/et_pb_column][\/et_pb_row][\/et_pb_section]<\/p>\n","protected":false},"excerpt":{"rendered":"<p>Finde deinen Traumpartner. Suche nach Singles in deiner N\u00e4he. Traumpartner. Singles in deiner N\u00e4he. Damit Ihr indess erkennt, woher dieser ganze Irrthum gekommen ist, und weshalb man die Lust anklagt und den Schmerz lobet, so will ich Euch Alles er\u00f6ffnen und auseinander setzen, was jener Begr\u00fcnder der Wahrheit und gleichsam Baumeister des gl\u00fccklichen Lebens selbst [&hellip;]<\/p>\n","protected":false},"author":1,"featured_media":0,"parent":0,"menu_order":0,"comment_status":"open","ping_status":"open","template":"","meta":{"_et_pb_use_builder":"on","_et_pb_old_content":"","_et_gb_content_width":"","footnotes":""},"class_list":["post-4","page","type-page","status-publish","hentry"],"_links":{"self":[{"href":"https:\/\/demo.designers-inn.de\/love\/wp-json\/wp\/v2\/pages\/4","targetHints":{"allow":["GET"]}}],"collection":[{"href":"https:\/\/demo.designers-inn.de\/love\/wp-json\/wp\/v2\/pages"}],"about":[{"href":"https:\/\/demo.designers-inn.de\/love\/wp-json\/wp\/v2\/types\/page"}],"author":[{"embeddable":true,"href":"https:\/\/demo.designers-inn.de\/love\/wp-json\/wp\/v2\/users\/1"}],"replies":[{"embeddable":true,"href":"https:\/\/demo.designers-inn.de\/love\/wp-json\/wp\/v2\/comments?post=4"}],"version-history":[{"count":14,"href":"https:\/\/demo.designers-inn.de\/love\/wp-json\/wp\/v2\/pages\/4\/revisions"}],"predecessor-version":[{"id":134,"href":"https:\/\/demo.designers-inn.de\/love\/wp-json\/wp\/v2\/pages\/4\/revisions\/134"}],"wp:attachment":[{"href":"https:\/\/demo.designers-inn.de\/love\/wp-json\/wp\/v2\/media?parent=4"}],"curies":[{"name":"wp","href":"https:\/\/api.w.org\/{rel}","templated":true}]}}