{"id":92,"date":"2015-11-09T11:35:38","date_gmt":"2015-11-09T10:35:38","guid":{"rendered":"http:\/\/demo.designers-inn.de\/di-yourstyle\/?page_id=36"},"modified":"2015-11-10T18:07:36","modified_gmt":"2015-11-10T17:07:36","slug":"startseite","status":"publish","type":"page","link":"https:\/\/demo.designers-inn.de\/di-yourtech\/","title":{"rendered":"Startseite"},"content":{"rendered":"<p>[et_pb_section admin_label=&#8220;Sektion&#8220; fullwidth=&#8220;on&#8220; specialty=&#8220;off&#8220;][et_pb_fullwidth_slider admin_label=&#8220;Vollbreiter Slider&#8220; show_arrows=&#8220;on&#8220; show_pagination=&#8220;on&#8220; auto=&#8220;off&#8220; auto_ignore_hover=&#8220;off&#8220; parallax=&#8220;on&#8220; parallax_method=&#8220;on&#8220; remove_inner_shadow=&#8220;off&#8220; background_position=&#8220;default&#8220; background_size=&#8220;default&#8220; hide_content_on_mobile=&#8220;off&#8220; hide_cta_on_mobile=&#8220;off&#8220; show_image_video_mobile=&#8220;off&#8220; custom_button=&#8220;on&#8220; button_bg_color=&#8220;rgba(0,0,0,0.52)&#8220; button_letter_spacing=&#8220;0&#8243; button_use_icon=&#8220;default&#8220; button_icon_placement=&#8220;right&#8220; button_on_hover=&#8220;on&#8220; button_letter_spacing_hover=&#8220;0&#8243;]<\/p>\n<p>[et_pb_slide background_image=&#8220;\/wp-content\/themes\/di-yourtech\/images\/yourtech_slider2.jpg&#8220; background_position=&#8220;default&#8220; background_size=&#8220;default&#8220; background_color=&#8220;#ffffff&#8220; alignment=&#8220;center&#8220; background_layout=&#8220;dark&#8220; allow_player_pause=&#8220;off&#8220; header_font_select=&#8220;default&#8220; body_font_select=&#8220;default&#8220; custom_button=&#8220;off&#8220; button_font_select=&#8220;default&#8220; button_use_icon=&#8220;default&#8220; button_icon_placement=&#8220;right&#8220; button_on_hover=&#8220;on&#8220; button_text=&#8220;MEHR ERFAHREN&#8220; button_link=&#8220;#&#8220;]<\/p>\n<p>[\/et_pb_slide][et_pb_slide background_image=&#8220;\/wp-content\/themes\/di-yourtech\/images\/yourtech_slider1.jpg&#8220; background_position=&#8220;default&#8220; background_size=&#8220;default&#8220; background_color=&#8220;#ffffff&#8220; alignment=&#8220;center&#8220; background_layout=&#8220;dark&#8220; allow_player_pause=&#8220;off&#8220; header_font_select=&#8220;default&#8220; body_font_select=&#8220;default&#8220; custom_button=&#8220;off&#8220; button_font_select=&#8220;default&#8220; button_use_icon=&#8220;default&#8220; button_icon_placement=&#8220;right&#8220; button_on_hover=&#8220;on&#8220; button_text=&#8220;MEHR ERFAHREN&#8220; button_link=&#8220;#&#8220;]<\/p>\n<p>[\/et_pb_slide]<\/p>\n<p>[\/et_pb_fullwidth_slider][\/et_pb_section][et_pb_section admin_label=&#8220;Sektion&#8220; fullwidth=&#8220;off&#8220; specialty=&#8220;off&#8220; transparent_background=&#8220;on&#8220; allow_player_pause=&#8220;off&#8220; inner_shadow=&#8220;off&#8220; parallax=&#8220;off&#8220; parallax_method=&#8220;off&#8220; padding_mobile=&#8220;off&#8220; make_fullwidth=&#8220;off&#8220; use_custom_width=&#8220;off&#8220; width_unit=&#8220;on&#8220; make_equal=&#8220;off&#8220; use_custom_gutter=&#8220;off&#8220;][et_pb_row admin_label=&#8220;Zeile&#8220;][et_pb_column type=&#8220;4_4&#8243;][et_pb_blog admin_label=&#8220;Blog&#8220; fullwidth=&#8220;off&#8220; posts_number=&#8220;3&#8243; show_thumbnail=&#8220;on&#8220; show_content=&#8220;off&#8220; show_more=&#8220;off&#8220; show_author=&#8220;on&#8220; show_date=&#8220;on&#8220; show_categories=&#8220;on&#8220; show_comments=&#8220;on&#8220; show_pagination=&#8220;off&#8220; offset_number=&#8220;0&#8243; background_layout=&#8220;light&#8220; use_dropshadow=&#8220;off&#8220; use_border_color=&#8220;off&#8220; border_color=&#8220;#ffffff&#8220; border_style=&#8220;solid&#8220;]<\/p>\n<p>[\/et_pb_blog][\/et_pb_column][\/et_pb_row][\/et_pb_section][et_pb_section admin_label=&#8220;section&#8220; transparent_background=&#8220;off&#8220; background_color=&#8220;#82c5f2&#8243; allow_player_pause=&#8220;off&#8220; inner_shadow=&#8220;on&#8220; parallax=&#8220;on&#8220; parallax_method=&#8220;on&#8220; padding_mobile=&#8220;off&#8220; make_fullwidth=&#8220;on&#8220; use_custom_width=&#8220;off&#8220; width_unit=&#8220;on&#8220; make_equal=&#8220;off&#8220; use_custom_gutter=&#8220;off&#8220; background_image=&#8220;\/wp-content\/themes\/di-yourtech\/images\/yourtech_slider3.jpg&#8220;][et_pb_row admin_label=&#8220;row&#8220;][et_pb_column type=&#8220;1_2&#8243;][et_pb_testimonial admin_label=&#8220;Testimonial&#8220; author=&#8220;Joana Doe&#8220; company_name=&#8220;Daimler Franz&#8220; url=&#8220;#&#8220; url_new_window=&#8220;off&#8220; portrait_url=&#8220;\/wp-content\/themes\/di-yourtech\/images\/team-1.jpg&#8220; quote_icon=&#8220;on&#8220; use_background_color=&#8220;on&#8220; background_color=&#8220;rgba(0,0,0,0.63)&#8220; background_layout=&#8220;dark&#8220; text_orientation=&#8220;left&#8220; use_border_color=&#8220;off&#8220; border_color=&#8220;#ffffff&#8220; border_style=&#8220;solid&#8220; quote_icon_color=&#8220;#757575&#8243;]<\/p>\n<p>Ich liebe des Theme. Vor allem kann man fast alles nach seinen Bed\u00fcrfnissen anpassen.<\/p>\n<p>[\/et_pb_testimonial][et_pb_testimonial admin_label=&#8220;Testimonial&#8220; author=&#8220;John Doe&#8220; company_name=&#8220;Techi Tech&#8220; url=&#8220;#&#8220; url_new_window=&#8220;off&#8220; portrait_url=&#8220;\/wp-content\/themes\/di-yourtech\/images\/team-2.jpg&#8220; quote_icon=&#8220;on&#8220; use_background_color=&#8220;on&#8220; background_color=&#8220;rgba(0,0,0,0.63)&#8220; background_layout=&#8220;dark&#8220; text_orientation=&#8220;left&#8220; use_border_color=&#8220;off&#8220; border_color=&#8220;#ffffff&#8220; border_style=&#8220;solid&#8220; quote_icon_color=&#8220;#757575&#8243;]<\/p>\n<p>Mehr Theme braucht man nicht. Man kann fast alles nach seinen Bed\u00fcrfnissen anpassen.<\/p>\n<p>[\/et_pb_testimonial][\/et_pb_column][et_pb_column type=&#8220;1_2&#8243;][et_pb_testimonial admin_label=&#8220;Testimonial&#8220; author=&#8220;Joana Doe&#8220; company_name=&#8220;Daimler Franz&#8220; url=&#8220;#&#8220; url_new_window=&#8220;off&#8220; portrait_url=&#8220;\/wp-content\/themes\/di-yourtech\/images\/team-1.jpg&#8220; quote_icon=&#8220;on&#8220; use_background_color=&#8220;on&#8220; background_color=&#8220;rgba(0,0,0,0.63)&#8220; background_layout=&#8220;dark&#8220; text_orientation=&#8220;left&#8220; use_border_color=&#8220;off&#8220; border_color=&#8220;#ffffff&#8220; border_style=&#8220;solid&#8220; quote_icon_color=&#8220;#757575&#8243;]<\/p>\n<p>Ich liebe des Theme. Vor allem kann man fast alles nach seinen Bed\u00fcrfnissen anpassen.<\/p>\n<p>[\/et_pb_testimonial][et_pb_testimonial admin_label=&#8220;Testimonial&#8220; author=&#8220;John Doe&#8220; company_name=&#8220;Techi Tech&#8220; url=&#8220;#&#8220; url_new_window=&#8220;off&#8220; portrait_url=&#8220;\/wp-content\/themes\/di-yourtech\/images\/team-2.jpg&#8220; quote_icon=&#8220;on&#8220; use_background_color=&#8220;on&#8220; background_color=&#8220;rgba(0,0,0,0.63)&#8220; background_layout=&#8220;dark&#8220; text_orientation=&#8220;left&#8220; use_border_color=&#8220;off&#8220; border_color=&#8220;#ffffff&#8220; border_style=&#8220;solid&#8220; quote_icon_color=&#8220;#757575&#8243;]<\/p>\n<p>Mehr Theme braucht man nicht. Man kann fast alles nach seinen Bed\u00fcrfnissen anpassen.<\/p>\n<p>[\/et_pb_testimonial][\/et_pb_column][\/et_pb_row][\/et_pb_section][et_pb_section admin_label=&#8220;Sektion&#8220; fullwidth=&#8220;off&#8220; specialty=&#8220;off&#8220; transparent_background=&#8220;on&#8220; allow_player_pause=&#8220;off&#8220; inner_shadow=&#8220;off&#8220; parallax=&#8220;off&#8220; parallax_method=&#8220;off&#8220; padding_mobile=&#8220;off&#8220; make_fullwidth=&#8220;off&#8220; use_custom_width=&#8220;off&#8220; width_unit=&#8220;on&#8220; make_equal=&#8220;off&#8220; use_custom_gutter=&#8220;off&#8220;][et_pb_row admin_label=&#8220;Zeile&#8220;][et_pb_column type=&#8220;2_3&#8243;][et_pb_blog admin_label=&#8220;Blog &#8211; Aktueller Beitrag&#8220; fullwidth=&#8220;on&#8220; show_thumbnail=&#8220;on&#8220; show_content=&#8220;off&#8220; show_more=&#8220;off&#8220; show_author=&#8220;on&#8220; show_date=&#8220;on&#8220; show_categories=&#8220;off&#8220; show_comments=&#8220;off&#8220; show_pagination=&#8220;off&#8220; offset_number=&#8220;4&#8243; background_layout=&#8220;light&#8220; use_dropshadow=&#8220;off&#8220; use_border_color=&#8220;off&#8220; border_color=&#8220;#ffffff&#8220; border_style=&#8220;solid&#8220; posts_number=&#8220;1&#8243;]<\/p>\n<p>[\/et_pb_blog][et_pb_blog admin_label=&#8220;Blog&#8220; fullwidth=&#8220;off&#8220; posts_number=&#8220;4&#8243; show_thumbnail=&#8220;on&#8220; show_content=&#8220;off&#8220; show_more=&#8220;off&#8220; show_author=&#8220;on&#8220; show_date=&#8220;on&#8220; show_categories=&#8220;on&#8220; show_comments=&#8220;on&#8220; show_pagination=&#8220;off&#8220; offset_number=&#8220;5&#8243; background_layout=&#8220;light&#8220; use_dropshadow=&#8220;off&#8220; use_border_color=&#8220;off&#8220; border_color=&#8220;#ffffff&#8220; border_style=&#8220;solid&#8220;]<\/p>\n<p>[\/et_pb_blog][\/et_pb_column][et_pb_column type=&#8220;1_3&#8243;][et_pb_counters admin_label=&#8220;Balkenz\u00e4hler&#8220; background_layout=&#8220;light&#8220; background_color=&#8220;#dddddd&#8220; bar_bg_color=&#8220;#82c5f2&#8243; use_percentages=&#8220;on&#8220; use_border_color=&#8220;off&#8220; border_color=&#8220;#ffffff&#8220; border_style=&#8220;solid&#8220;]<\/p>\n<p>[et_pb_counter percent=&#8220;85&#8243;]<\/p>\n<p>Neue Kollektionen<\/p>\n<p>[\/et_pb_counter][et_pb_counter percent=&#8220;57&#8243;]<\/p>\n<p>Neue Kunden \/ Q<\/p>\n<p>[\/et_pb_counter][et_pb_counter percent=&#8220;3&#8243;]<\/p>\n<p>Umtausch<\/p>\n<p>[\/et_pb_counter][et_pb_counter percent=&#8220;85&#8243;]<\/p>\n<p>Neue Kollektionen<\/p>\n<p>[\/et_pb_counter][et_pb_counter percent=&#8220;57&#8243;]<\/p>\n<p>Neue Kunden \/ Q<\/p>\n<p>[\/et_pb_counter]<\/p>\n<p>[\/et_pb_counters][et_pb_image admin_label=&#8220;Bild&#8220; src=&#8220;\/wp-content\/themes\/di-yourtech\/images\/yourtech_slider2.jpg&#8220; show_in_lightbox=&#8220;off&#8220; url_new_window=&#8220;off&#8220; animation=&#8220;off&#8220; sticky=&#8220;off&#8220; align=&#8220;left&#8220; force_fullwidth=&#8220;off&#8220; always_center_on_mobile=&#8220;on&#8220; use_border_color=&#8220;off&#8220; border_color=&#8220;#ffffff&#8220; border_style=&#8220;solid&#8220;]<\/p>\n<p>[\/et_pb_image][et_pb_image admin_label=&#8220;Bild&#8220; src=&#8220;\/wp-content\/themes\/di-yourtech\/images\/yourtech_slider1.jpg&#8220; show_in_lightbox=&#8220;off&#8220; url_new_window=&#8220;off&#8220; animation=&#8220;off&#8220; sticky=&#8220;off&#8220; align=&#8220;left&#8220; force_fullwidth=&#8220;off&#8220; always_center_on_mobile=&#8220;on&#8220; use_border_color=&#8220;off&#8220; border_color=&#8220;#ffffff&#8220; border_style=&#8220;solid&#8220;]<\/p>\n<p>[\/et_pb_image][et_pb_image admin_label=&#8220;Bild&#8220; src=&#8220;\/wp-content\/themes\/di-yourtech\/images\/yourtech_slider3.jpg&#8220; show_in_lightbox=&#8220;off&#8220; url_new_window=&#8220;off&#8220; animation=&#8220;off&#8220; sticky=&#8220;off&#8220; align=&#8220;left&#8220; force_fullwidth=&#8220;off&#8220; always_center_on_mobile=&#8220;on&#8220; use_border_color=&#8220;off&#8220; border_color=&#8220;#ffffff&#8220; border_style=&#8220;solid&#8220;]<\/p>\n<p>[\/et_pb_image][et_pb_sidebar admin_label=&#8220;Seitenleiste&#8220; orientation=&#8220;left&#8220; area=&#8220;sidebar-1&#8243; background_layout=&#8220;light&#8220; remove_border=&#8220;off&#8220;]<\/p>\n<p>[\/et_pb_sidebar][\/et_pb_column][\/et_pb_row][\/et_pb_section]<\/p>\n","protected":false},"excerpt":{"rendered":"<p>Ich liebe des Theme. Vor allem kann man fast alles nach seinen Bed\u00fcrfnissen anpassen. Mehr Theme braucht man nicht. Man kann fast alles nach seinen Bed\u00fcrfnissen anpassen. Ich liebe des Theme. Vor allem kann man fast alles nach seinen Bed\u00fcrfnissen anpassen. Mehr Theme braucht man nicht. Man kann fast alles nach seinen Bed\u00fcrfnissen anpassen. Neue [&hellip;]<\/p>\n","protected":false},"author":1,"featured_media":0,"parent":0,"menu_order":0,"comment_status":"open","ping_status":"open","template":"","meta":{"_et_pb_use_builder":"on","_et_pb_old_content":"","_et_gb_content_width":"","footnotes":""},"class_list":["post-92","page","type-page","status-publish","hentry"],"_links":{"self":[{"href":"https:\/\/demo.designers-inn.de\/di-yourtech\/wp-json\/wp\/v2\/pages\/92","targetHints":{"allow":["GET"]}}],"collection":[{"href":"https:\/\/demo.designers-inn.de\/di-yourtech\/wp-json\/wp\/v2\/pages"}],"about":[{"href":"https:\/\/demo.designers-inn.de\/di-yourtech\/wp-json\/wp\/v2\/types\/page"}],"author":[{"embeddable":true,"href":"https:\/\/demo.designers-inn.de\/di-yourtech\/wp-json\/wp\/v2\/users\/1"}],"replies":[{"embeddable":true,"href":"https:\/\/demo.designers-inn.de\/di-yourtech\/wp-json\/wp\/v2\/comments?post=92"}],"version-history":[{"count":3,"href":"https:\/\/demo.designers-inn.de\/di-yourtech\/wp-json\/wp\/v2\/pages\/92\/revisions"}],"predecessor-version":[{"id":169,"href":"https:\/\/demo.designers-inn.de\/di-yourtech\/wp-json\/wp\/v2\/pages\/92\/revisions\/169"}],"wp:attachment":[{"href":"https:\/\/demo.designers-inn.de\/di-yourtech\/wp-json\/wp\/v2\/media?parent=92"}],"curies":[{"name":"wp","href":"https:\/\/api.w.org\/{rel}","templated":true}]}}